{"id":15,"date":"2021-11-10T10:19:17","date_gmt":"2021-11-10T09:19:17","guid":{"rendered":"https:\/\/www.buehnen.pl\/blog\/?page_id=15"},"modified":"2021-12-06T10:02:40","modified_gmt":"2021-12-06T09:02:40","slug":"kontakt","status":"publish","type":"page","link":"https:\/\/www.buehnen.pl\/blog\/kontakt\/","title":{"rendered":"Kontakt"},"content":{"rendered":"\n<p>Buehnen Polska Sp. z o.o.<br>ul. Kwidzy\u0144ska 4 E<br>51-416 Wroc\u0142aw<\/p>\n\n\n\n<p>Telefon +48\u00a0(71) 39 91 930<br>Telefax +48 (71) 39 91 940<br>E-Mail <a href=\"mailto:office@buehnen.pl\">office@buehnen.pl<\/a><br><strong>Wpisana do rejestru KRS przez S\u0105d Rejonowy<br>dla Wroc\u0142awia-Fabrycznej we Wroc\u0142awiu,<br>VI Wydzia\u0142 Gospodarczy pod numerem 0000309744<\/strong><\/p>\n\n\n\n<p><strong>Kapita\u0142 zak\u0142adowy:<\/strong> 150,000 PLN<br><strong>Zarz\u0105d:<\/strong>&nbsp;Bert Gausepohl &#8211;&nbsp; Prezes; Robert W\u0142odarczyk &#8211; Wiceprezes<br><strong>REGON<\/strong><strong>:<\/strong> 020754781<br><strong>NIP: <\/strong>8951921413<br><strong>Rejestr GIO\u015a<\/strong> E0009262W<\/p>\n\n\n\n<p>Og\u00f3lne warunki sprzeda\u017cy, stanowi\u0105ce integraln\u0105 cz\u0119\u015b\u0107 naszych transakcji handlowych w Polsce<\/p>\n\n\n\n<p>Wszystkie dane dost\u0119pne na naszej stronie www, podane s\u0105 zgodnie z nasz\u0105 najlepsz\u0105 wol\u0105, wiedz\u0105 i rzetelno\u015bci\u0105. Mimo to <a href=\"https:\/\/www.buehnen.pl\/index.php?option=com_rsform&amp;view=rsform&amp;formId=8&amp;Itemid=1389&amp;lang=pl\">n<\/a>ie jeste\u015bmy w stanie wykluczy\u0107 ewentualnych pomy\u0142ek &#8211; szczeg\u00f3lnie w zakresie danych technicznych produkt\u00f3w.<br>Najbardziej aktualne dane techniczne naszych produkt\u00f3w s\u0105 zawarte w kartach technicznych produkt\u00f3w, kt\u00f3re mo\u017cecie Pa\u0144stwo zawsze zam\u00f3wi\u0107.<br>Zastrzegamy sobie prawo do dokonywania zmian technicznych naszych produkt\u00f3w.<\/p>\n\n\n\n<p><\/p>\n","protected":false},"excerpt":{"rendered":"<p>Buehnen Polska Sp. z o.o.ul. Kwidzy\u0144ska 4 E51-416 Wroc\u0142aw Telefon +48\u00a0(71) 39 91 930Telefax +48 (71) 39 91 940E-Mail office@buehnen.plWpisana do rejestru KRS przez S\u0105d Rejonowydla Wroc\u0142awia-Fabrycznej we Wroc\u0142awiu,VI Wydzia\u0142 Gospodarczy pod numerem 0000309744 Kapita\u0142 zak\u0142adowy: 150,000 PLNZarz\u0105d:&nbsp;Bert Gausepohl &#8211;&nbsp; Prezes; Robert W\u0142odarczyk &#8211; WiceprezesREGON: 020754781NIP: 8951921413Rejestr GIO\u015a E0009262W Og\u00f3lne warunki sprzeda\u017cy, stanowi\u0105ce integraln\u0105 cz\u0119\u015b\u0107 naszych transakcji handlowych w Polsce [&hellip;]<\/p>\n","protected":false},"author":1,"featured_media":0,"parent":0,"menu_order":0,"comment_status":"closed","ping_status":"closed","template":"","meta":{"jetpack_post_was_ever_published":false,"footnotes":""},"class_list":["post-15","page","type-page","status-publish","hentry"],"jetpack_sharing_enabled":true,"jetpack_likes_enabled":true,"_links":{"self":[{"href":"https:\/\/www.buehnen.pl\/blog\/wp-json\/wp\/v2\/pages\/15","targetHints":{"allow":["GET"]}}],"collection":[{"href":"https:\/\/www.buehnen.pl\/blog\/wp-json\/wp\/v2\/pages"}],"about":[{"href":"https:\/\/www.buehnen.pl\/blog\/wp-json\/wp\/v2\/types\/page"}],"author":[{"embeddable":true,"href":"https:\/\/www.buehnen.pl\/blog\/wp-json\/wp\/v2\/users\/1"}],"replies":[{"embeddable":true,"href":"https:\/\/www.buehnen.pl\/blog\/wp-json\/wp\/v2\/comments?post=15"}],"version-history":[{"count":6,"href":"https:\/\/www.buehnen.pl\/blog\/wp-json\/wp\/v2\/pages\/15\/revisions"}],"predecessor-version":[{"id":91,"href":"https:\/\/www.buehnen.pl\/blog\/wp-json\/wp\/v2\/pages\/15\/revisions\/91"}],"wp:attachment":[{"href":"https:\/\/www.buehnen.pl\/blog\/wp-json\/wp\/v2\/media?parent=15"}],"curies":[{"name":"wp","href":"https:\/\/api.w.org\/{rel}","templated":true}]}}